{"id":705,"date":"2019-07-24T10:27:16","date_gmt":"2019-07-24T08:27:16","guid":{"rendered":"https:\/\/web.hirox-europe.com\/?page_id=705"},"modified":"2020-01-14T14:26:03","modified_gmt":"2020-01-14T13:26:03","slug":"privacy-policy","status":"publish","type":"page","link":"https:\/\/hirox-europe.com\/fr\/privacy-policy\/","title":{"rendered":"Politique de confidentialit\u00e9"},"content":{"rendered":"<div data-elementor-type=\"wp-post\" data-elementor-id=\"705\" class=\"elementor elementor-705\" data-elementor-post-type=\"page\">\n\t\t\t\t\t\t<section class=\"elementor-section elementor-top-section elementor-element elementor-element-cd84c04 elementor-section-boxed elementor-section-height-default elementor-section-height-default\" data-id=\"cd84c04\" data-element_type=\"section\" data-e-type=\"section\">\n\t\t\t\t\t\t<div class=\"elementor-container elementor-column-gap-default\">\n\t\t\t\t\t<div class=\"elementor-column elementor-col-100 elementor-top-column elementor-element elementor-element-35a7d9e\" data-id=\"35a7d9e\" data-element_type=\"column\" data-e-type=\"column\">\n\t\t\t<div class=\"elementor-widget-wrap elementor-element-populated\">\n\t\t\t\t\t\t<div class=\"elementor-element elementor-element-bab1567 elementor-widget elementor-widget-heading\" data-id=\"bab1567\" data-element_type=\"widget\" data-e-type=\"widget\" data-widget_type=\"heading.default\">\n\t\t\t\t<div class=\"elementor-widget-container\">\n\t\t\t\t\t<h2 class=\"elementor-heading-title elementor-size-default\">Politique de confidentialit\u00e9 Hirox Europe<\/h2>\t\t\t\t<\/div>\n\t\t\t\t<\/div>\n\t\t\t\t<div class=\"elementor-element elementor-element-277515b elementor-widget elementor-widget-text-editor\" data-id=\"277515b\" data-element_type=\"widget\" data-e-type=\"widget\" data-widget_type=\"text-editor.default\">\n\t\t\t\t<div class=\"elementor-widget-container\">\n\t\t\t\t\t\t\t\t\t<p>La protection de votre confidentialit\u00e9 est un engagement de Hirox Europe. Celle-ci d\u00e9fnit la mani\u00e8re dont Hirox Europe utilise et prot\u00e8ge toute information que nous obtenons de votre part.<\/p><p>Cette politique peut \u00eatre modifi\u00e9e au cours du temps et actualis\u00e9e sur cette page par Hirox Europe. Nous vous invitons \u00e0 la consulter p\u00e9riodiquement afin d'\u00eatre conscient de toute modification apport\u00e9e. Sa date d'entr\u00e9e en vigueur \u00e9tant fix\u00e9e au 25 mai 2018.<\/p><p><strong>Ce que nous recueillons<\/strong><br \/>En tant qu'organisme B2B, nous ne recueillons que des informations propres \u00e0 vos int\u00e9r\u00eats professionnels.<\/p><p>Nous pourrions r\u00e9colter les informations suivantes :<\/p><p>\u00b7 nom et fonction professionnelle<\/p><p>\u00b7 coordonn\u00e9es telles que les adresses \u00e9lectronique et postale<\/p><p>\u00b7 organisme pour lequel vous exercez<\/p><p>\u00b7 informations \u00e0 propos du\/des instrument(s) que vous utilisez<\/p><p>\u00b7 point(s) d'int\u00e9r\u00eat professionnel<\/p><p>Nous n'avons pas recours \u00e0 des listes de contacts achet\u00e9es et mettons tout en oeuvre afin de s'assurer que les informations que nous vous envoyons par courrier \u00e9lectronique soient appropri\u00e9es \u00e0 votre activit\u00e9 professionnelle.<\/p><p><strong>Ce que nous faisons des informations r\u00e9colt\u00e9es<\/strong><br \/>Nous n\u00e9cessitons ces informations dans le but de comprendre vos besoins et de vous offrir le meilleur service qui soit, en particulier pour les raisons ci-dessous :<\/p><p>\u00b7 Tenue des dossiers internes<\/p><p>\u00b7 Ces informations pourraient \u00eatre utilis\u00e9es afin d'am\u00e9liorer nos produits et services<\/p><p>\u00b7 Nous pouvons envoyer r\u00e9guli\u00e8rement des e-mails promotionnels sur les nouvelles versions ou d'autres informations que nous pensons que vous pourriez trouver int\u00e9ressantes<\/p><p>\u00b7 De temps en temps, nous pouvons \u00e9galement utiliser vos informations pour vous contacter \u00e0 des fins d'\u00e9tudes de march\u00e9.<\/p><p><strong>S\u00e9curit\u00e9<\/strong><br \/>Nous nous engageons \u00e0 garantir la s\u00e9curit\u00e9 de vos informations. Afin d'emp\u00eacher tout acc\u00e8s ou divulgation non autoris\u00e9s, nous avons mis en place des proc\u00e9dures physiques, \u00e9lectroniques et de gestion appropri\u00e9es pour sauvegarder et s\u00e9curiser les informations que nous recueillons.<\/p><p><strong>Contr\u00f4le de vos informations personnelles<\/strong><br \/>Vous pouvez demander des d\u00e9tails sur les informations personnelles que nous d\u00e9tenons \u00e0 votre sujet. Si vous souhaitez obtenir une copie des informations vous concernant, veuillez \u00e9crire \u00e0 info@hirox-europe.com.<\/p><p>Si vous pensez que les informations que nous d\u00e9tenons sur vous sont incorrectes ou incompl\u00e8tes, veuillez nous \u00e9crire ou nous envoyer un e-mail d\u00e8s que possible \u00e0 l'adresse ci-dessus. Nous corrigerons rapidement toute information jug\u00e9e incorrecte.<\/p><p>Vous pouvez vous d\u00e9sinscrire des communications par e-mail \u00e0 tout moment en cliquant sur le lien \"Se d\u00e9sinscrire\" contenu dans l'un de ces e-mails ou en nous envoyant un e-mail \u00e0 info@hirox-europe.com.<\/p><p>Nous ne vendrons ni ne louerons vos informations personnelles \u00e0 des tiers.<\/p>\t\t\t\t\t\t\t\t<\/div>\n\t\t\t\t<\/div>\n\t\t\t\t\t<\/div>\n\t\t<\/div>\n\t\t\t\t\t<\/div>\n\t\t<\/section>\n\t\t\t\t<\/div>","protected":false},"excerpt":{"rendered":"<p>Hirox Europe privacy policy Hirox Europe is committed to ensuring that your privacy is protected. This privacy policy sets out how Hirox Europe uses and protects any information that we collect from you, or that you provide to us. Hirox Europe may change this policy from time to time by updating this page. You should &#8230; <a title=\"Politique de confidentialit\u00e9\" class=\"read-more\" href=\"https:\/\/hirox-europe.com\/fr\/privacy-policy\/\" aria-label=\"En savoir plus sur Privacy Policy\">Lire la suite<\/a><\/p>","protected":false},"author":5,"featured_media":0,"parent":0,"menu_order":0,"comment_status":"closed","ping_status":"closed","template":"elementor_header_footer","meta":{"footnotes":""},"class_list":["post-705","page","type-page","status-publish"],"yoast_head":"<!-- This site is optimized with the Yoast SEO plugin v27.3 - https:\/\/yoast.com\/product\/yoast-seo-wordpress\/ -->\n<title>Privacy Policy - Hirox Europe<\/title>\n<meta name=\"robots\" content=\"index, follow, max-snippet:-1, max-image-preview:large, max-video-preview:-1\" \/>\n<link rel=\"canonical\" href=\"https:\/\/hirox-europe.com\/fr\/privacy-policy\/\" \/>\n<meta property=\"og:locale\" content=\"fr_FR\" \/>\n<meta property=\"og:type\" content=\"article\" \/>\n<meta property=\"og:title\" content=\"Privacy Policy - Hirox Europe\" \/>\n<meta property=\"og:description\" content=\"Hirox Europe privacy policy Hirox Europe is committed to ensuring that your privacy is protected. This privacy policy sets out how Hirox Europe uses and protects any information that we collect from you, or that you provide to us. Hirox Europe may change this policy from time to time by updating this page. You should ... Lire la suite\" \/>\n<meta property=\"og:url\" content=\"https:\/\/hirox-europe.com\/fr\/privacy-policy\/\" \/>\n<meta property=\"og:site_name\" content=\"Hirox Europe\" \/>\n<meta property=\"article:publisher\" content=\"https:\/\/www.facebook.com\/hiroxeurope\/\" \/>\n<meta property=\"article:modified_time\" content=\"2020-01-14T13:26:03+00:00\" \/>\n<meta name=\"twitter:card\" content=\"summary_large_image\" \/>\n<meta name=\"twitter:site\" content=\"@hiroxeurope\" \/>\n<meta name=\"twitter:label1\" content=\"Dur\u00e9e de lecture estim\u00e9e\" \/>\n\t<meta name=\"twitter:data1\" content=\"2 minutes\" \/>\n<script type=\"application\/ld+json\" class=\"yoast-schema-graph\">{\"@context\":\"https:\\\/\\\/schema.org\",\"@graph\":[{\"@type\":\"WebPage\",\"@id\":\"https:\\\/\\\/hirox-europe.com\\\/privacy-policy\\\/\",\"url\":\"https:\\\/\\\/hirox-europe.com\\\/privacy-policy\\\/\",\"name\":\"Privacy Policy - Hirox Europe\",\"isPartOf\":{\"@id\":\"https:\\\/\\\/hirox-europe.com\\\/#website\"},\"datePublished\":\"2019-07-24T08:27:16+00:00\",\"dateModified\":\"2020-01-14T13:26:03+00:00\",\"breadcrumb\":{\"@id\":\"https:\\\/\\\/hirox-europe.com\\\/privacy-policy\\\/#breadcrumb\"},\"inLanguage\":\"fr-FR\",\"potentialAction\":[{\"@type\":\"ReadAction\",\"target\":[\"https:\\\/\\\/hirox-europe.com\\\/privacy-policy\\\/\"]}]},{\"@type\":\"BreadcrumbList\",\"@id\":\"https:\\\/\\\/hirox-europe.com\\\/privacy-policy\\\/#breadcrumb\",\"itemListElement\":[{\"@type\":\"ListItem\",\"position\":1,\"name\":\"Home\",\"item\":\"https:\\\/\\\/hirox-europe.com\\\/\"},{\"@type\":\"ListItem\",\"position\":2,\"name\":\"Privacy Policy\"}]},{\"@type\":\"WebSite\",\"@id\":\"https:\\\/\\\/hirox-europe.com\\\/#website\",\"url\":\"https:\\\/\\\/hirox-europe.com\\\/\",\"name\":\"Hirox Europe\",\"description\":\"3D Digital Microscope - Fast, Easy, High Quality\",\"publisher\":{\"@id\":\"https:\\\/\\\/hirox-europe.com\\\/#organization\"},\"potentialAction\":[{\"@type\":\"SearchAction\",\"target\":{\"@type\":\"EntryPoint\",\"urlTemplate\":\"https:\\\/\\\/hirox-europe.com\\\/?s={search_term_string}\"},\"query-input\":{\"@type\":\"PropertyValueSpecification\",\"valueRequired\":true,\"valueName\":\"search_term_string\"}}],\"inLanguage\":\"fr-FR\"},{\"@type\":\"Organization\",\"@id\":\"https:\\\/\\\/hirox-europe.com\\\/#organization\",\"name\":\"Hirox Europe\",\"url\":\"https:\\\/\\\/hirox-europe.com\\\/\",\"logo\":{\"@type\":\"ImageObject\",\"inLanguage\":\"fr-FR\",\"@id\":\"https:\\\/\\\/hirox-europe.com\\\/#\\\/schema\\\/logo\\\/image\\\/\",\"url\":\"https:\\\/\\\/hirox-europe.com\\\/wp-content\\\/uploads\\\/2020\\\/05\\\/hirox-europe-logo.png\",\"contentUrl\":\"https:\\\/\\\/hirox-europe.com\\\/wp-content\\\/uploads\\\/2020\\\/05\\\/hirox-europe-logo.png\",\"width\":512,\"height\":410,\"caption\":\"Hirox Europe\"},\"image\":{\"@id\":\"https:\\\/\\\/hirox-europe.com\\\/#\\\/schema\\\/logo\\\/image\\\/\"},\"sameAs\":[\"https:\\\/\\\/www.facebook.com\\\/hiroxeurope\\\/\",\"https:\\\/\\\/x.com\\\/hiroxeurope\",\"https:\\\/\\\/www.instagram.com\\\/hirox3d\\\/\",\"https:\\\/\\\/www.linkedin.com\\\/company\\\/hirox-europe\",\"https:\\\/\\\/www.youtube.com\\\/user\\\/hiroxEU\"]}]}<\/script>\n<!-- \/ Yoast SEO plugin. -->","yoast_head_json":{"title":"Privacy Policy - Hirox Europe","robots":{"index":"index","follow":"follow","max-snippet":"max-snippet:-1","max-image-preview":"max-image-preview:large","max-video-preview":"max-video-preview:-1"},"canonical":"https:\/\/hirox-europe.com\/fr\/privacy-policy\/","og_locale":"fr_FR","og_type":"article","og_title":"Privacy Policy - Hirox Europe","og_description":"Hirox Europe privacy policy Hirox Europe is committed to ensuring that your privacy is protected. This privacy policy sets out how Hirox Europe uses and protects any information that we collect from you, or that you provide to us. Hirox Europe may change this policy from time to time by updating this page. You should ... Lire la suite","og_url":"https:\/\/hirox-europe.com\/fr\/privacy-policy\/","og_site_name":"Hirox Europe","article_publisher":"https:\/\/www.facebook.com\/hiroxeurope\/","article_modified_time":"2020-01-14T13:26:03+00:00","twitter_card":"summary_large_image","twitter_site":"@hiroxeurope","twitter_misc":{"Dur\u00e9e de lecture estim\u00e9e":"2 minutes"},"schema":{"@context":"https:\/\/schema.org","@graph":[{"@type":"WebPage","@id":"https:\/\/hirox-europe.com\/privacy-policy\/","url":"https:\/\/hirox-europe.com\/privacy-policy\/","name":"Privacy Policy - Hirox Europe","isPartOf":{"@id":"https:\/\/hirox-europe.com\/#website"},"datePublished":"2019-07-24T08:27:16+00:00","dateModified":"2020-01-14T13:26:03+00:00","breadcrumb":{"@id":"https:\/\/hirox-europe.com\/privacy-policy\/#breadcrumb"},"inLanguage":"fr-FR","potentialAction":[{"@type":"ReadAction","target":["https:\/\/hirox-europe.com\/privacy-policy\/"]}]},{"@type":"BreadcrumbList","@id":"https:\/\/hirox-europe.com\/privacy-policy\/#breadcrumb","itemListElement":[{"@type":"ListItem","position":1,"name":"Home","item":"https:\/\/hirox-europe.com\/"},{"@type":"ListItem","position":2,"name":"Privacy Policy"}]},{"@type":"WebSite","@id":"https:\/\/hirox-europe.com\/#website","url":"https:\/\/hirox-europe.com\/","name":"Hirox Europe","description":"3D Digital Microscope - Fast, Easy, High Quality","publisher":{"@id":"https:\/\/hirox-europe.com\/#organization"},"potentialAction":[{"@type":"SearchAction","target":{"@type":"EntryPoint","urlTemplate":"https:\/\/hirox-europe.com\/?s={search_term_string}"},"query-input":{"@type":"PropertyValueSpecification","valueRequired":true,"valueName":"search_term_string"}}],"inLanguage":"fr-FR"},{"@type":"Organization","@id":"https:\/\/hirox-europe.com\/#organization","name":"Hirox Europe","url":"https:\/\/hirox-europe.com\/","logo":{"@type":"ImageObject","inLanguage":"fr-FR","@id":"https:\/\/hirox-europe.com\/#\/schema\/logo\/image\/","url":"https:\/\/hirox-europe.com\/wp-content\/uploads\/2020\/05\/hirox-europe-logo.png","contentUrl":"https:\/\/hirox-europe.com\/wp-content\/uploads\/2020\/05\/hirox-europe-logo.png","width":512,"height":410,"caption":"Hirox Europe"},"image":{"@id":"https:\/\/hirox-europe.com\/#\/schema\/logo\/image\/"},"sameAs":["https:\/\/www.facebook.com\/hiroxeurope\/","https:\/\/x.com\/hiroxeurope","https:\/\/www.instagram.com\/hirox3d\/","https:\/\/www.linkedin.com\/company\/hirox-europe","https:\/\/www.youtube.com\/user\/hiroxEU"]}]}},"_links":{"self":[{"href":"https:\/\/hirox-europe.com\/fr\/wp-json\/wp\/v2\/pages\/705","targetHints":{"allow":["GET"]}}],"collection":[{"href":"https:\/\/hirox-europe.com\/fr\/wp-json\/wp\/v2\/pages"}],"about":[{"href":"https:\/\/hirox-europe.com\/fr\/wp-json\/wp\/v2\/types\/page"}],"author":[{"embeddable":true,"href":"https:\/\/hirox-europe.com\/fr\/wp-json\/wp\/v2\/users\/5"}],"replies":[{"embeddable":true,"href":"https:\/\/hirox-europe.com\/fr\/wp-json\/wp\/v2\/comments?post=705"}],"version-history":[{"count":10,"href":"https:\/\/hirox-europe.com\/fr\/wp-json\/wp\/v2\/pages\/705\/revisions"}],"predecessor-version":[{"id":2967,"href":"https:\/\/hirox-europe.com\/fr\/wp-json\/wp\/v2\/pages\/705\/revisions\/2967"}],"wp:attachment":[{"href":"https:\/\/hirox-europe.com\/fr\/wp-json\/wp\/v2\/media?parent=705"}],"curies":[{"name":"wp","href":"https:\/\/api.w.org\/{rel}","templated":true}]}}