{"id":268,"date":"2019-07-11T10:09:51","date_gmt":"2019-07-11T08:09:51","guid":{"rendered":"https:\/\/web.hirox-europe.com\/?page_id=268"},"modified":"2023-11-29T16:49:41","modified_gmt":"2023-11-29T15:49:41","slug":"tabletop-sem-sh-4000m","status":"publish","type":"page","link":"https:\/\/hirox-europe.com\/fr\/products\/sem\/tabletop-sem-sh-4000m\/","title":{"rendered":"MEB SH-4000M"},"content":{"rendered":"<div data-elementor-type=\"wp-post\" data-elementor-id=\"268\" class=\"elementor elementor-268\" data-elementor-post-type=\"page\">\n\t\t\t\t\t\t<section class=\"elementor-section elementor-top-section elementor-element elementor-element-ed57c8c elementor-section-boxed elementor-section-height-default elementor-section-height-default\" data-id=\"ed57c8c\" data-element_type=\"section\" data-e-type=\"section\" data-settings=\"{&quot;background_background&quot;:&quot;classic&quot;}\">\n\t\t\t\t\t\t<div class=\"elementor-container elementor-column-gap-default\">\n\t\t\t\t\t<div class=\"elementor-column elementor-col-100 elementor-top-column elementor-element elementor-element-6002d3c7\" data-id=\"6002d3c7\" data-element_type=\"column\" data-e-type=\"column\">\n\t\t\t<div class=\"elementor-widget-wrap elementor-element-populated\">\n\t\t\t\t\t\t<div class=\"elementor-element elementor-element-3df923ea elementor-widget elementor-widget-heading\" data-id=\"3df923ea\" data-element_type=\"widget\" data-e-type=\"widget\" data-widget_type=\"heading.default\">\n\t\t\t\t<div class=\"elementor-widget-container\">\n\t\t\t\t\t<h2 class=\"elementor-heading-title elementor-size-default\">MEB de table SH-4000M<\/h2>\t\t\t\t<\/div>\n\t\t\t\t<\/div>\n\t\t\t\t\t<\/div>\n\t\t<\/div>\n\t\t\t\t\t<\/div>\n\t\t<\/section>\n\t\t\t\t<section class=\"elementor-section elementor-top-section elementor-element elementor-element-0887ab4 elementor-section-boxed elementor-section-height-default elementor-section-height-default elementor-invisible\" data-id=\"0887ab4\" data-element_type=\"section\" data-e-type=\"section\" data-settings=\"{&quot;animation&quot;:&quot;fadeInUp&quot;,&quot;background_background&quot;:&quot;classic&quot;}\">\n\t\t\t\t\t\t<div class=\"elementor-container elementor-column-gap-default\">\n\t\t\t\t\t<div class=\"elementor-column elementor-col-50 elementor-top-column elementor-element elementor-element-1e65c29\" data-id=\"1e65c29\" data-element_type=\"column\" data-e-type=\"column\" data-settings=\"{&quot;background_background&quot;:&quot;gradient&quot;}\">\n\t\t\t<div class=\"elementor-widget-wrap elementor-element-populated\">\n\t\t\t\t\t\t<div class=\"elementor-element elementor-element-6f1faaef elementor-widget elementor-widget-text-editor\" data-id=\"6f1faaef\" data-element_type=\"widget\" data-e-type=\"widget\" data-widget_type=\"text-editor.default\">\n\t\t\t\t<div class=\"elementor-widget-container\">\n\t\t\t\t\t\t\t\t\t<h2 style=\"text-align: center;\"> <strong>MEB SH-4000MB<\/strong><\/h2>\t\t\t\t\t\t\t\t<\/div>\n\t\t\t\t<\/div>\n\t\t\t\t<div class=\"elementor-element elementor-element-57942cb4 elementor-widget elementor-widget-text-editor\" data-id=\"57942cb4\" data-element_type=\"widget\" data-e-type=\"widget\" data-widget_type=\"text-editor.default\">\n\t\t\t\t<div class=\"elementor-widget-container\">\n\t\t\t\t\t\t\t\t\t<p style=\"text-align: center;\"><strong>Fort grossissement au-del\u00e0 de la limite optique<\/strong><\/p>\t\t\t\t\t\t\t\t<\/div>\n\t\t\t\t<\/div>\n\t\t\t\t<div class=\"elementor-element elementor-element-6e3acc9d elementor-align-start elementor-icon-list--layout-traditional elementor-list-item-link-full_width elementor-widget elementor-widget-icon-list\" data-id=\"6e3acc9d\" data-element_type=\"widget\" data-e-type=\"widget\" data-widget_type=\"icon-list.default\">\n\t\t\t\t<div class=\"elementor-widget-container\">\n\t\t\t\t\t\t\t<ul class=\"elementor-icon-list-items\">\n\t\t\t\t\t\t\t<li class=\"elementor-icon-list-item\">\n\t\t\t\t\t\t\t\t\t\t\t<span class=\"elementor-icon-list-icon\">\n\t\t\t\t\t\t\t<i aria-hidden=\"true\" class=\"fas fa-chevron-right\"><\/i>\t\t\t\t\t\t<\/span>\n\t\t\t\t\t\t\t\t\t\t<span class=\"elementor-icon-list-text\">Agrandissement max. 60 000x<\/span>\n\t\t\t\t\t\t\t\t\t<\/li>\n\t\t\t\t\t\t\t\t<li class=\"elementor-icon-list-item\">\n\t\t\t\t\t\t\t\t\t\t\t<span class=\"elementor-icon-list-icon\">\n\t\t\t\t\t\t\t<i aria-hidden=\"true\" class=\"fas fa-chevron-right\"><\/i>\t\t\t\t\t\t<\/span>\n\t\t\t\t\t\t\t\t\t\t<span class=\"elementor-icon-list-text\">SE Detector &amp; BSE Detector \u2013 Multi Mode<\/span>\n\t\t\t\t\t\t\t\t\t<\/li>\n\t\t\t\t\t\t\t\t<li class=\"elementor-icon-list-item\">\n\t\t\t\t\t\t\t\t\t\t\t<span class=\"elementor-icon-list-icon\">\n\t\t\t\t\t\t\t<i aria-hidden=\"true\" class=\"fas fa-chevron-right\"><\/i>\t\t\t\t\t\t<\/span>\n\t\t\t\t\t\t\t\t\t\t<span class=\"elementor-icon-list-text\">Tension d'acc\u00e9l\u00e9ration variable de 1kV \u00e0 30kV<\/span>\n\t\t\t\t\t\t\t\t\t<\/li>\n\t\t\t\t\t\t\t\t<li class=\"elementor-icon-list-item\">\n\t\t\t\t\t\t\t\t\t\t\t<span class=\"elementor-icon-list-icon\">\n\t\t\t\t\t\t\t<i aria-hidden=\"true\" class=\"fas fa-chevron-right\"><\/i>\t\t\t\t\t\t<\/span>\n\t\t\t\t\t\t\t\t\t\t<span class=\"elementor-icon-list-text\">Mode multi-vide - Standard \/ R\u00e9duction de la charge<\/span>\n\t\t\t\t\t\t\t\t\t<\/li>\n\t\t\t\t\t\t\t\t<li class=\"elementor-icon-list-item\">\n\t\t\t\t\t\t\t\t\t\t\t<span class=\"elementor-icon-list-icon\">\n\t\t\t\t\t\t\t<i aria-hidden=\"true\" class=\"fas fa-chevron-right\"><\/i>\t\t\t\t\t\t<\/span>\n\t\t\t\t\t\t\t\t\t\t<span class=\"elementor-icon-list-text\">Observation de l'image pr\u00eate en 2 min.<\/span>\n\t\t\t\t\t\t\t\t\t<\/li>\n\t\t\t\t\t\t\t\t<li class=\"elementor-icon-list-item\">\n\t\t\t\t\t\t\t\t\t\t\t<span class=\"elementor-icon-list-icon\">\n\t\t\t\t\t\t\t<i aria-hidden=\"true\" class=\"fas fa-chevron-right\"><\/i>\t\t\t\t\t\t<\/span>\n\t\t\t\t\t\t\t\t\t\t<span class=\"elementor-icon-list-text\">Pas \u00e0 3 axes - X,Y,R<\/span>\n\t\t\t\t\t\t\t\t\t<\/li>\n\t\t\t\t\t\t\t\t<li class=\"elementor-icon-list-item\">\n\t\t\t\t\t\t\t\t\t\t\t<span class=\"elementor-icon-list-icon\">\n\t\t\t\t\t\t\t<i aria-hidden=\"true\" class=\"fas fa-chevron-right\"><\/i>\t\t\t\t\t\t<\/span>\n\t\t\t\t\t\t\t\t\t\t<span class=\"elementor-icon-list-text\">Options - Syst\u00e8me EDS, phase de refroidissement<\/span>\n\t\t\t\t\t\t\t\t\t<\/li>\n\t\t\t\t\t\t<\/ul>\n\t\t\t\t\t\t<\/div>\n\t\t\t\t<\/div>\n\t\t\t\t\t<\/div>\n\t\t<\/div>\n\t\t\t\t<div class=\"elementor-column elementor-col-50 elementor-top-column elementor-element elementor-element-b20a436\" data-id=\"b20a436\" data-element_type=\"column\" data-e-type=\"column\" data-settings=\"{&quot;background_background&quot;:&quot;classic&quot;}\">\n\t\t\t<div class=\"elementor-widget-wrap elementor-element-populated\">\n\t\t\t\t\t\t<div class=\"elementor-element elementor-element-6545192c elementor-widget elementor-widget-image\" data-id=\"6545192c\" data-element_type=\"widget\" data-e-type=\"widget\" data-widget_type=\"image.default\">\n\t\t\t\t<div class=\"elementor-widget-container\">\n\t\t\t\t\t\t\t\t\t\t\t\t\t\t\t<img fetchpriority=\"high\" decoding=\"async\" width=\"386\" height=\"266\" src=\"https:\/\/hirox-europe.com\/wp-content\/uploads\/2019\/07\/sh-4000m-3-min-e1569510325568.jpg\" class=\"attachment-full size-full wp-image-439\" alt=\"\" srcset=\"https:\/\/hirox-europe.com\/wp-content\/uploads\/2019\/07\/sh-4000m-3-min-e1569510325568.jpg 386w, https:\/\/hirox-europe.com\/wp-content\/uploads\/2019\/07\/sh-4000m-3-min-e1569510325568-300x207.jpg 300w\" sizes=\"(max-width: 386px) 100vw, 386px\" \/>\t\t\t\t\t\t\t\t\t\t\t\t\t\t\t<\/div>\n\t\t\t\t<\/div>\n\t\t\t\t<div class=\"elementor-element elementor-element-a650b09 elementor-widget elementor-widget-image\" data-id=\"a650b09\" data-element_type=\"widget\" data-e-type=\"widget\" data-widget_type=\"image.default\">\n\t\t\t\t<div class=\"elementor-widget-container\">\n\t\t\t\t\t\t\t\t\t\t\t\t<figure class=\"wp-caption\">\n\t\t\t\t\t\t\t\t\t\t<img decoding=\"async\" width=\"422\" height=\"152\" src=\"https:\/\/hirox-europe.com\/wp-content\/uploads\/2019\/09\/BSE-SE.jpg\" class=\"attachment-full size-full wp-image-1068\" alt=\"\" srcset=\"https:\/\/hirox-europe.com\/wp-content\/uploads\/2019\/09\/BSE-SE.jpg 422w, https:\/\/hirox-europe.com\/wp-content\/uploads\/2019\/09\/BSE-SE-300x108.jpg 300w\" sizes=\"(max-width: 422px) 100vw, 422px\" \/>\t\t\t\t\t\t\t\t\t\t\t<figcaption class=\"widget-image-caption wp-caption-text\">SE - ESB<\/figcaption>\n\t\t\t\t\t\t\t\t\t\t<\/figure>\n\t\t\t\t\t\t\t\t\t<\/div>\n\t\t\t\t<\/div>\n\t\t\t\t\t<\/div>\n\t\t<\/div>\n\t\t\t\t\t<\/div>\n\t\t<\/section>\n\t\t\t\t<section class=\"elementor-section elementor-top-section elementor-element elementor-element-b7ad076 elementor-section-boxed elementor-section-height-default elementor-section-height-default\" data-id=\"b7ad076\" data-element_type=\"section\" data-e-type=\"section\" data-settings=\"{&quot;background_background&quot;:&quot;classic&quot;}\">\n\t\t\t\t\t\t<div class=\"elementor-container elementor-column-gap-default\">\n\t\t\t\t\t<div class=\"elementor-column elementor-col-50 elementor-top-column elementor-element elementor-element-d566894 elementor-invisible\" data-id=\"d566894\" data-element_type=\"column\" data-e-type=\"column\" data-settings=\"{&quot;background_background&quot;:&quot;classic&quot;,&quot;animation&quot;:&quot;fadeInLeft&quot;}\">\n\t\t\t<div class=\"elementor-widget-wrap elementor-element-populated\">\n\t\t\t\t\t\t<div class=\"elementor-element elementor-element-524c0a42 elementor-widget elementor-widget-text-editor\" data-id=\"524c0a42\" data-element_type=\"widget\" data-e-type=\"widget\" data-widget_type=\"text-editor.default\">\n\t\t\t\t<div class=\"elementor-widget-container\">\n\t\t\t\t\t\t\t\t\t<h2 style=\"text-align: center;\"><strong>Facilit\u00e9 d'utilisation : les \u00e9chantillons non conducteurs peuvent \u00eatre observ\u00e9s sans rev\u00eatement<\/strong><\/h2>\t\t\t\t\t\t\t\t<\/div>\n\t\t\t\t<\/div>\n\t\t\t\t<div class=\"elementor-element elementor-element-535019da elementor-align-start elementor-icon-list--layout-traditional elementor-list-item-link-full_width elementor-widget elementor-widget-icon-list\" data-id=\"535019da\" data-element_type=\"widget\" data-e-type=\"widget\" data-widget_type=\"icon-list.default\">\n\t\t\t\t<div class=\"elementor-widget-container\">\n\t\t\t\t\t\t\t<ul class=\"elementor-icon-list-items\">\n\t\t\t\t\t\t\t<li class=\"elementor-icon-list-item\">\n\t\t\t\t\t\t\t\t\t\t\t<span class=\"elementor-icon-list-icon\">\n\t\t\t\t\t\t\t<i aria-hidden=\"true\" class=\"fas fa-chevron-right\"><\/i>\t\t\t\t\t\t<\/span>\n\t\t\t\t\t\t\t\t\t\t<span class=\"elementor-icon-list-text\">Fonctions d'auto-ajustement<\/span>\n\t\t\t\t\t\t\t\t\t<\/li>\n\t\t\t\t\t\t\t\t<li class=\"elementor-icon-list-item\">\n\t\t\t\t\t\t\t\t\t\t\t<span class=\"elementor-icon-list-icon\">\n\t\t\t\t\t\t\t<i aria-hidden=\"true\" class=\"fas fa-chevron-right\"><\/i>\t\t\t\t\t\t<\/span>\n\t\t\t\t\t\t\t\t\t\t<span class=\"elementor-icon-list-text\">Le syst\u00e8me peut \u00eatre pr\u00eat dans les 2 minutes suivant l'\u00e9change de l'\u00e9chantillon<\/span>\n\t\t\t\t\t\t\t\t\t<\/li>\n\t\t\t\t\t\t\t\t<li class=\"elementor-icon-list-item\">\n\t\t\t\t\t\t\t\t\t\t\t<span class=\"elementor-icon-list-icon\">\n\t\t\t\t\t\t\t<i aria-hidden=\"true\" class=\"fas fa-chevron-right\"><\/i>\t\t\t\t\t\t<\/span>\n\t\t\t\t\t\t\t\t\t\t<span class=\"elementor-icon-list-text\">Compact et flexible<\/span>\n\t\t\t\t\t\t\t\t\t<\/li>\n\t\t\t\t\t\t\t\t<li class=\"elementor-icon-list-item\">\n\t\t\t\t\t\t\t\t\t\t\t<span class=\"elementor-icon-list-icon\">\n\t\t\t\t\t\t\t<i aria-hidden=\"true\" class=\"fas fa-chevron-right\"><\/i>\t\t\t\t\t\t<\/span>\n\t\t\t\t\t\t\t\t\t\t<span class=\"elementor-icon-list-text\">Interface graphique conviviale<\/span>\n\t\t\t\t\t\t\t\t\t<\/li>\n\t\t\t\t\t\t<\/ul>\n\t\t\t\t\t\t<\/div>\n\t\t\t\t<\/div>\n\t\t\t\t\t<\/div>\n\t\t<\/div>\n\t\t\t\t<div class=\"elementor-column elementor-col-50 elementor-top-column elementor-element elementor-element-d76f2f6 elementor-invisible\" data-id=\"d76f2f6\" data-element_type=\"column\" data-e-type=\"column\" data-settings=\"{&quot;background_background&quot;:&quot;classic&quot;,&quot;animation&quot;:&quot;fadeInRight&quot;}\">\n\t\t\t<div class=\"elementor-widget-wrap elementor-element-populated\">\n\t\t\t\t\t\t<div class=\"elementor-element elementor-element-766ca3c6 elementor-widget elementor-widget-text-editor\" data-id=\"766ca3c6\" data-element_type=\"widget\" data-e-type=\"widget\" data-widget_type=\"text-editor.default\">\n\t\t\t\t<div class=\"elementor-widget-container\">\n\t\t\t\t\t\t\t\t\t<h2 style=\"text-align: center;\"><strong>Images de haute qualit\u00e9<\/strong><\/h2>\t\t\t\t\t\t\t\t<\/div>\n\t\t\t\t<\/div>\n\t\t\t\t<div class=\"elementor-element elementor-element-5fd0eba8 elementor-align-start elementor-icon-list--layout-traditional elementor-list-item-link-full_width elementor-widget elementor-widget-icon-list\" data-id=\"5fd0eba8\" data-element_type=\"widget\" data-e-type=\"widget\" data-widget_type=\"icon-list.default\">\n\t\t\t\t<div class=\"elementor-widget-container\">\n\t\t\t\t\t\t\t<ul class=\"elementor-icon-list-items\">\n\t\t\t\t\t\t\t<li class=\"elementor-icon-list-item\">\n\t\t\t\t\t\t\t\t\t\t\t<span class=\"elementor-icon-list-icon\">\n\t\t\t\t\t\t\t<i aria-hidden=\"true\" class=\"fas fa-chevron-right\"><\/i>\t\t\t\t\t\t<\/span>\n\t\t\t\t\t\t\t\t\t\t<span class=\"elementor-icon-list-text\">R\u00e9solution d'image jusqu'\u00e0 5 m\u00e9gapixels<\/span>\n\t\t\t\t\t\t\t\t\t<\/li>\n\t\t\t\t\t\t\t\t<li class=\"elementor-icon-list-item\">\n\t\t\t\t\t\t\t\t\t\t\t<span class=\"elementor-icon-list-icon\">\n\t\t\t\t\t\t\t<i aria-hidden=\"true\" class=\"fas fa-chevron-right\"><\/i>\t\t\t\t\t\t<\/span>\n\t\t\t\t\t\t\t\t\t\t<span class=\"elementor-icon-list-text\">Bonne profondeur de champ<\/span>\n\t\t\t\t\t\t\t\t\t<\/li>\n\t\t\t\t\t\t\t\t<li class=\"elementor-icon-list-item\">\n\t\t\t\t\t\t\t\t\t\t\t<span class=\"elementor-icon-list-icon\">\n\t\t\t\t\t\t\t<i aria-hidden=\"true\" class=\"fas fa-chevron-right\"><\/i>\t\t\t\t\t\t<\/span>\n\t\t\t\t\t\t\t\t\t\t<span class=\"elementor-icon-list-text\">Compatibilit\u00e9 de plusieurs formats d'images<\/span>\n\t\t\t\t\t\t\t\t\t<\/li>\n\t\t\t\t\t\t\t\t<li class=\"elementor-icon-list-item\">\n\t\t\t\t\t\t\t\t\t\t\t<span class=\"elementor-icon-list-icon\">\n\t\t\t\t\t\t\t<i aria-hidden=\"true\" class=\"fas fa-chevron-right\"><\/i>\t\t\t\t\t\t<\/span>\n\t\t\t\t\t\t\t\t\t\t<span class=\"elementor-icon-list-text\">Mesure \u00e0 l'\u00e9cran : distance, angle...etc.<\/span>\n\t\t\t\t\t\t\t\t\t<\/li>\n\t\t\t\t\t\t<\/ul>\n\t\t\t\t\t\t<\/div>\n\t\t\t\t<\/div>\n\t\t\t\t\t<\/div>\n\t\t<\/div>\n\t\t\t\t\t<\/div>\n\t\t<\/section>\n\t\t\t\t<\/div>","protected":false},"excerpt":{"rendered":"<p>Tabletop SEM SH-4000M Tabletop SEM SH-4000MB High magnification beyond the optical limit Max. 60,000x Magnification SE Detector &#038; BSE Detector \u2013 Multi Mode 1kV to 30kV Variable Accelerating Voltage Multi-Vacuum Mode \u2013 Standard \/ Charge Up Reduction Image Observation Ready within 2 min. 3-axis Strokes \u2013 X,Y,R Options \u2013 EDS System, Cooling Stage SE &#8211; &#8230; <a title=\"MEB SH-4000M\" class=\"read-more\" href=\"https:\/\/hirox-europe.com\/fr\/products\/sem\/tabletop-sem-sh-4000m\/\" aria-label=\"En savoir plus sur SEM SH-4000M\">Lire la suite<\/a><\/p>","protected":false},"author":1,"featured_media":0,"parent":264,"menu_order":0,"comment_status":"closed","ping_status":"closed","template":"elementor_header_footer","meta":{"footnotes":""},"class_list":["post-268","page","type-page","status-publish"],"yoast_head":"<!-- This site is optimized with the Yoast SEO plugin v27.3 - https:\/\/yoast.com\/product\/yoast-seo-wordpress\/ -->\n<title>SEM SH-4000M - Hirox Europe<\/title>\n<meta name=\"robots\" content=\"index, follow, max-snippet:-1, max-image-preview:large, max-video-preview:-1\" \/>\n<link rel=\"canonical\" href=\"https:\/\/hirox-europe.com\/fr\/products\/sem\/tabletop-sem-sh-4000m\/\" \/>\n<meta property=\"og:locale\" content=\"fr_FR\" \/>\n<meta property=\"og:type\" content=\"article\" \/>\n<meta property=\"og:title\" content=\"SEM SH-4000M - Hirox Europe\" \/>\n<meta property=\"og:description\" content=\"Tabletop SEM SH-4000M Tabletop SEM SH-4000MB High magnification beyond the optical limit Max. 60,000x Magnification SE Detector &#038; BSE Detector \u2013 Multi Mode 1kV to 30kV Variable Accelerating Voltage Multi-Vacuum Mode \u2013 Standard \/ Charge Up Reduction Image Observation Ready within 2 min. 3-axis Strokes \u2013 X,Y,R Options \u2013 EDS System, Cooling Stage SE &#8211; ... Lire la suite\" \/>\n<meta property=\"og:url\" content=\"https:\/\/hirox-europe.com\/fr\/products\/sem\/tabletop-sem-sh-4000m\/\" \/>\n<meta property=\"og:site_name\" content=\"Hirox Europe\" \/>\n<meta property=\"article:publisher\" content=\"https:\/\/www.facebook.com\/hiroxeurope\/\" \/>\n<meta property=\"article:modified_time\" content=\"2023-11-29T15:49:41+00:00\" \/>\n<meta property=\"og:image\" content=\"https:\/\/hirox-europe.com\/wp-content\/uploads\/2019\/07\/sh-4000m-3-min-e1569510325568.jpg\" \/>\n<meta name=\"twitter:card\" content=\"summary_large_image\" \/>\n<meta name=\"twitter:site\" content=\"@hiroxeurope\" \/>\n<meta name=\"twitter:label1\" content=\"Dur\u00e9e de lecture estim\u00e9e\" \/>\n\t<meta name=\"twitter:data1\" content=\"1 minute\" \/>\n<script type=\"application\/ld+json\" class=\"yoast-schema-graph\">{\"@context\":\"https:\\\/\\\/schema.org\",\"@graph\":[{\"@type\":\"WebPage\",\"@id\":\"https:\\\/\\\/hirox-europe.com\\\/products\\\/sem\\\/tabletop-sem-sh-4000m\\\/\",\"url\":\"https:\\\/\\\/hirox-europe.com\\\/products\\\/sem\\\/tabletop-sem-sh-4000m\\\/\",\"name\":\"SEM SH-4000M - Hirox Europe\",\"isPartOf\":{\"@id\":\"https:\\\/\\\/hirox-europe.com\\\/#website\"},\"primaryImageOfPage\":{\"@id\":\"https:\\\/\\\/hirox-europe.com\\\/products\\\/sem\\\/tabletop-sem-sh-4000m\\\/#primaryimage\"},\"image\":{\"@id\":\"https:\\\/\\\/hirox-europe.com\\\/products\\\/sem\\\/tabletop-sem-sh-4000m\\\/#primaryimage\"},\"thumbnailUrl\":\"https:\\\/\\\/hirox-europe.com\\\/wp-content\\\/uploads\\\/2019\\\/07\\\/sh-4000m-3-min-e1569510325568.jpg\",\"datePublished\":\"2019-07-11T08:09:51+00:00\",\"dateModified\":\"2023-11-29T15:49:41+00:00\",\"breadcrumb\":{\"@id\":\"https:\\\/\\\/hirox-europe.com\\\/products\\\/sem\\\/tabletop-sem-sh-4000m\\\/#breadcrumb\"},\"inLanguage\":\"fr-FR\",\"potentialAction\":[{\"@type\":\"ReadAction\",\"target\":[\"https:\\\/\\\/hirox-europe.com\\\/products\\\/sem\\\/tabletop-sem-sh-4000m\\\/\"]}]},{\"@type\":\"ImageObject\",\"inLanguage\":\"fr-FR\",\"@id\":\"https:\\\/\\\/hirox-europe.com\\\/products\\\/sem\\\/tabletop-sem-sh-4000m\\\/#primaryimage\",\"url\":\"https:\\\/\\\/hirox-europe.com\\\/wp-content\\\/uploads\\\/2019\\\/07\\\/sh-4000m-3-min-e1569510325568.jpg\",\"contentUrl\":\"https:\\\/\\\/hirox-europe.com\\\/wp-content\\\/uploads\\\/2019\\\/07\\\/sh-4000m-3-min-e1569510325568.jpg\"},{\"@type\":\"BreadcrumbList\",\"@id\":\"https:\\\/\\\/hirox-europe.com\\\/products\\\/sem\\\/tabletop-sem-sh-4000m\\\/#breadcrumb\",\"itemListElement\":[{\"@type\":\"ListItem\",\"position\":1,\"name\":\"Home\",\"item\":\"https:\\\/\\\/hirox-europe.com\\\/\"},{\"@type\":\"ListItem\",\"position\":2,\"name\":\"Products\",\"item\":\"https:\\\/\\\/hirox-europe.com\\\/products\\\/\"},{\"@type\":\"ListItem\",\"position\":3,\"name\":\"Tabletop SEM\",\"item\":\"https:\\\/\\\/hirox-europe.com\\\/products\\\/sem\\\/\"},{\"@type\":\"ListItem\",\"position\":4,\"name\":\"SEM SH-4000M\"}]},{\"@type\":\"WebSite\",\"@id\":\"https:\\\/\\\/hirox-europe.com\\\/#website\",\"url\":\"https:\\\/\\\/hirox-europe.com\\\/\",\"name\":\"Hirox Europe\",\"description\":\"3D Digital Microscope - Fast, Easy, High Quality\",\"publisher\":{\"@id\":\"https:\\\/\\\/hirox-europe.com\\\/#organization\"},\"potentialAction\":[{\"@type\":\"SearchAction\",\"target\":{\"@type\":\"EntryPoint\",\"urlTemplate\":\"https:\\\/\\\/hirox-europe.com\\\/?s={search_term_string}\"},\"query-input\":{\"@type\":\"PropertyValueSpecification\",\"valueRequired\":true,\"valueName\":\"search_term_string\"}}],\"inLanguage\":\"fr-FR\"},{\"@type\":\"Organization\",\"@id\":\"https:\\\/\\\/hirox-europe.com\\\/#organization\",\"name\":\"Hirox Europe\",\"url\":\"https:\\\/\\\/hirox-europe.com\\\/\",\"logo\":{\"@type\":\"ImageObject\",\"inLanguage\":\"fr-FR\",\"@id\":\"https:\\\/\\\/hirox-europe.com\\\/#\\\/schema\\\/logo\\\/image\\\/\",\"url\":\"https:\\\/\\\/hirox-europe.com\\\/wp-content\\\/uploads\\\/2020\\\/05\\\/hirox-europe-logo.png\",\"contentUrl\":\"https:\\\/\\\/hirox-europe.com\\\/wp-content\\\/uploads\\\/2020\\\/05\\\/hirox-europe-logo.png\",\"width\":512,\"height\":410,\"caption\":\"Hirox Europe\"},\"image\":{\"@id\":\"https:\\\/\\\/hirox-europe.com\\\/#\\\/schema\\\/logo\\\/image\\\/\"},\"sameAs\":[\"https:\\\/\\\/www.facebook.com\\\/hiroxeurope\\\/\",\"https:\\\/\\\/x.com\\\/hiroxeurope\",\"https:\\\/\\\/www.instagram.com\\\/hirox3d\\\/\",\"https:\\\/\\\/www.linkedin.com\\\/company\\\/hirox-europe\",\"https:\\\/\\\/www.youtube.com\\\/user\\\/hiroxEU\"]}]}<\/script>\n<!-- \/ Yoast SEO plugin. -->","yoast_head_json":{"title":"SEM SH-4000M - Hirox Europe","robots":{"index":"index","follow":"follow","max-snippet":"max-snippet:-1","max-image-preview":"max-image-preview:large","max-video-preview":"max-video-preview:-1"},"canonical":"https:\/\/hirox-europe.com\/fr\/products\/sem\/tabletop-sem-sh-4000m\/","og_locale":"fr_FR","og_type":"article","og_title":"SEM SH-4000M - Hirox Europe","og_description":"Tabletop SEM SH-4000M Tabletop SEM SH-4000MB High magnification beyond the optical limit Max. 60,000x Magnification SE Detector &#038; BSE Detector \u2013 Multi Mode 1kV to 30kV Variable Accelerating Voltage Multi-Vacuum Mode \u2013 Standard \/ Charge Up Reduction Image Observation Ready within 2 min. 3-axis Strokes \u2013 X,Y,R Options \u2013 EDS System, Cooling Stage SE &#8211; ... Lire la suite","og_url":"https:\/\/hirox-europe.com\/fr\/products\/sem\/tabletop-sem-sh-4000m\/","og_site_name":"Hirox Europe","article_publisher":"https:\/\/www.facebook.com\/hiroxeurope\/","article_modified_time":"2023-11-29T15:49:41+00:00","og_image":[{"url":"https:\/\/hirox-europe.com\/wp-content\/uploads\/2019\/07\/sh-4000m-3-min-e1569510325568.jpg","type":"","width":"","height":""}],"twitter_card":"summary_large_image","twitter_site":"@hiroxeurope","twitter_misc":{"Dur\u00e9e de lecture estim\u00e9e":"1 minute"},"schema":{"@context":"https:\/\/schema.org","@graph":[{"@type":"WebPage","@id":"https:\/\/hirox-europe.com\/products\/sem\/tabletop-sem-sh-4000m\/","url":"https:\/\/hirox-europe.com\/products\/sem\/tabletop-sem-sh-4000m\/","name":"SEM SH-4000M - Hirox Europe","isPartOf":{"@id":"https:\/\/hirox-europe.com\/#website"},"primaryImageOfPage":{"@id":"https:\/\/hirox-europe.com\/products\/sem\/tabletop-sem-sh-4000m\/#primaryimage"},"image":{"@id":"https:\/\/hirox-europe.com\/products\/sem\/tabletop-sem-sh-4000m\/#primaryimage"},"thumbnailUrl":"https:\/\/hirox-europe.com\/wp-content\/uploads\/2019\/07\/sh-4000m-3-min-e1569510325568.jpg","datePublished":"2019-07-11T08:09:51+00:00","dateModified":"2023-11-29T15:49:41+00:00","breadcrumb":{"@id":"https:\/\/hirox-europe.com\/products\/sem\/tabletop-sem-sh-4000m\/#breadcrumb"},"inLanguage":"fr-FR","potentialAction":[{"@type":"ReadAction","target":["https:\/\/hirox-europe.com\/products\/sem\/tabletop-sem-sh-4000m\/"]}]},{"@type":"ImageObject","inLanguage":"fr-FR","@id":"https:\/\/hirox-europe.com\/products\/sem\/tabletop-sem-sh-4000m\/#primaryimage","url":"https:\/\/hirox-europe.com\/wp-content\/uploads\/2019\/07\/sh-4000m-3-min-e1569510325568.jpg","contentUrl":"https:\/\/hirox-europe.com\/wp-content\/uploads\/2019\/07\/sh-4000m-3-min-e1569510325568.jpg"},{"@type":"BreadcrumbList","@id":"https:\/\/hirox-europe.com\/products\/sem\/tabletop-sem-sh-4000m\/#breadcrumb","itemListElement":[{"@type":"ListItem","position":1,"name":"Home","item":"https:\/\/hirox-europe.com\/"},{"@type":"ListItem","position":2,"name":"Products","item":"https:\/\/hirox-europe.com\/products\/"},{"@type":"ListItem","position":3,"name":"Tabletop SEM","item":"https:\/\/hirox-europe.com\/products\/sem\/"},{"@type":"ListItem","position":4,"name":"SEM SH-4000M"}]},{"@type":"WebSite","@id":"https:\/\/hirox-europe.com\/#website","url":"https:\/\/hirox-europe.com\/","name":"Hirox Europe","description":"3D Digital Microscope - Fast, Easy, High Quality","publisher":{"@id":"https:\/\/hirox-europe.com\/#organization"},"potentialAction":[{"@type":"SearchAction","target":{"@type":"EntryPoint","urlTemplate":"https:\/\/hirox-europe.com\/?s={search_term_string}"},"query-input":{"@type":"PropertyValueSpecification","valueRequired":true,"valueName":"search_term_string"}}],"inLanguage":"fr-FR"},{"@type":"Organization","@id":"https:\/\/hirox-europe.com\/#organization","name":"Hirox Europe","url":"https:\/\/hirox-europe.com\/","logo":{"@type":"ImageObject","inLanguage":"fr-FR","@id":"https:\/\/hirox-europe.com\/#\/schema\/logo\/image\/","url":"https:\/\/hirox-europe.com\/wp-content\/uploads\/2020\/05\/hirox-europe-logo.png","contentUrl":"https:\/\/hirox-europe.com\/wp-content\/uploads\/2020\/05\/hirox-europe-logo.png","width":512,"height":410,"caption":"Hirox Europe"},"image":{"@id":"https:\/\/hirox-europe.com\/#\/schema\/logo\/image\/"},"sameAs":["https:\/\/www.facebook.com\/hiroxeurope\/","https:\/\/x.com\/hiroxeurope","https:\/\/www.instagram.com\/hirox3d\/","https:\/\/www.linkedin.com\/company\/hirox-europe","https:\/\/www.youtube.com\/user\/hiroxEU"]}]}},"_links":{"self":[{"href":"https:\/\/hirox-europe.com\/fr\/wp-json\/wp\/v2\/pages\/268","targetHints":{"allow":["GET"]}}],"collection":[{"href":"https:\/\/hirox-europe.com\/fr\/wp-json\/wp\/v2\/pages"}],"about":[{"href":"https:\/\/hirox-europe.com\/fr\/wp-json\/wp\/v2\/types\/page"}],"author":[{"embeddable":true,"href":"https:\/\/hirox-europe.com\/fr\/wp-json\/wp\/v2\/users\/1"}],"replies":[{"embeddable":true,"href":"https:\/\/hirox-europe.com\/fr\/wp-json\/wp\/v2\/comments?post=268"}],"version-history":[{"count":26,"href":"https:\/\/hirox-europe.com\/fr\/wp-json\/wp\/v2\/pages\/268\/revisions"}],"predecessor-version":[{"id":8865,"href":"https:\/\/hirox-europe.com\/fr\/wp-json\/wp\/v2\/pages\/268\/revisions\/8865"}],"up":[{"embeddable":true,"href":"https:\/\/hirox-europe.com\/fr\/wp-json\/wp\/v2\/pages\/264"}],"wp:attachment":[{"href":"https:\/\/hirox-europe.com\/fr\/wp-json\/wp\/v2\/media?parent=268"}],"curies":[{"name":"wp","href":"https:\/\/api.w.org\/{rel}","templated":true}]}}