{"id":705,"date":"2019-07-24T10:27:16","date_gmt":"2019-07-24T08:27:16","guid":{"rendered":"https:\/\/web.hirox-europe.com\/?page_id=705"},"modified":"2020-01-14T14:26:03","modified_gmt":"2020-01-14T13:26:03","slug":"privacy-policy","status":"publish","type":"page","link":"https:\/\/hirox-europe.com\/de\/privacy-policy\/","title":{"rendered":"Datenschutz-Bestimmungen"},"content":{"rendered":"<div data-elementor-type=\"wp-post\" data-elementor-id=\"705\" class=\"elementor elementor-705\" data-elementor-post-type=\"page\">\n\t\t\t\t\t\t<section class=\"elementor-section elementor-top-section elementor-element elementor-element-cd84c04 elementor-section-boxed elementor-section-height-default elementor-section-height-default\" data-id=\"cd84c04\" data-element_type=\"section\" data-e-type=\"section\">\n\t\t\t\t\t\t<div class=\"elementor-container elementor-column-gap-default\">\n\t\t\t\t\t<div class=\"elementor-column elementor-col-100 elementor-top-column elementor-element elementor-element-35a7d9e\" data-id=\"35a7d9e\" data-element_type=\"column\" data-e-type=\"column\">\n\t\t\t<div class=\"elementor-widget-wrap elementor-element-populated\">\n\t\t\t\t\t\t<div class=\"elementor-element elementor-element-bab1567 elementor-widget elementor-widget-heading\" data-id=\"bab1567\" data-element_type=\"widget\" data-e-type=\"widget\" data-widget_type=\"heading.default\">\n\t\t\t\t<div class=\"elementor-widget-container\">\n\t\t\t\t\t<h2 class=\"elementor-heading-title elementor-size-default\">HIROX Europe Datenschutz-Bestimmungen<\/h2>\t\t\t\t<\/div>\n\t\t\t\t<\/div>\n\t\t\t\t<div class=\"elementor-element elementor-element-277515b elementor-widget elementor-widget-text-editor\" data-id=\"277515b\" data-element_type=\"widget\" data-e-type=\"widget\" data-widget_type=\"text-editor.default\">\n\t\t\t\t<div class=\"elementor-widget-container\">\n\t\t\t\t\t\t\t\t\t<p>HIROX Europe setzt sich daf\u00fcr ein, dass Ihre Privatsph\u00e4re gesch\u00fctzt wird. \nFolgende Datenschutzrichtlinie legt fest, wie HIROX Europe Ihre Daten verwendet und sch\u00fctzt, die von Ihnen gesammelt bzw. von Ihnen zur Verf\u00fcgung gestellt werden.<\/p><p>HIROX Europe kann die Datenschutzrichtlinie durch Aktualisierung dieser Seite \u00e4ndern. Sie sollten diese Seite von Zeit zu Zeit \u00fcberpr\u00fcfen, um sicherzustellen, dass Sie mit den \u00c4nderungen einverstanden sind. Diese aktuelle Richtlinie gilt seit dem 25. Mai 2018.<\/p><p><strong>Was wird gespeichert<\/strong><br \/>Als B2B-Unternehmen sammeln wir lediglich Informationen ein, welche f\u00fcr Ihr gesch\u00e4ftliches Interesse relevant sind.<\/p><p>Wir speichern ggf. folgende Informationen:<\/p><p>\u00b7 Name und Titel<\/p><p>\u00b7 Kontaktdaten inklusive E-mail &amp; postalische Adresse<\/p><p>\u00b7 Name der Organisation f\u00fcr das Sie t\u00e4tig sind<\/p><p>\u00b7 Information \u00fcber genutze Maschinen\/Instrumente<\/p><p>\u00b7 Gesch\u00e4ftliche Interessen<\/p><p>Wir verwenden keine gekauften Kontaktlisten und tun unser Bestes, um sicherzustellen, dass die Informationen, die wir Ihnen per E-Mail senden, relevant und f\u00fcr Ihre berufliche T\u00e4tigkeit von Interesse sind.<\/p><p><strong>Was wir mit den gesammelten Informationen machen<\/strong><br \/>Wir ben\u00f6tigen diese Informationen, um Ihre Bed\u00fcrfnisse zu verstehen und Ihnen einen besseren Service bieten zu k\u00f6nnen, insbesondere aus den folgenden Gr\u00fcnden<\/p><p>- Interne Buchf\u00fchrung.<\/p><p>- Wir k\u00f6nnen die Informationen verwenden, um unsere Produkte und Dienstleistungen zu verbessern.<\/p><p>- Wir versenden m\u00f6glicherweise in regelm\u00e4\u00dfigen Abst\u00e4nden Werbe-E-Mails \u00fcber Neuerscheinungen oder andere Informationen, von denen wir glauben, dass sie f\u00fcr Sie interessant sein k\u00f6nnten.<\/p><p>- Von Zeit zu Zeit k\u00f6nnen wir Ihre Daten auch verwenden, um Sie zu Marktforschungszwecken zu kontaktieren.<\/p><p><strong>Sicherheit<\/strong><br \/>Um einen unbefugten Zugriff oder eine unbefugte Offenlegung zu verhindern, haben wir geeignete physische, elektronische und verwaltungstechnische Verfahren zum Schutz und zur Sicherung der von uns gesammelten Informationen eingerichtet.<\/p><p><strong>Kontrolle Ihrer pers\u00f6nlichen Informationen<\/strong><br \/>Sie k\u00f6nnen Einzelheiten zu den pers\u00f6nlichen Informationen, die wir \u00fcber Sie gespeichert haben, anfordern. Wenn Sie eine Kopie der \u00fcber Sie gespeicherten Informationen w\u00fcnschen, schreiben Sie bitte an info@hirox-europe.com.<\/p><p>Wenn Sie glauben, dass Informationen, die wir \u00fcber Sie gespeichert haben, unrichtig oder unvollst\u00e4ndig sind, schreiben Sie uns bitte so schnell wie m\u00f6glich an die oben genannte Adresse oder senden Sie uns eine E-Mail.<\/p><p>Sie k\u00f6nnen die E-Mail-Kommunikation jederzeit abbestellen, indem Sie auf den Link \"Abbestellen\" klicken, der in einer dieser E-Mails enthalten ist, oder indem Sie uns eine E-Mail an info@hirox-europe.com schicken.<\/p><p>Wir werden Ihre pers\u00f6nlichen Daten nicht an Dritte verkaufen oder vermieten.<\/p>\t\t\t\t\t\t\t\t<\/div>\n\t\t\t\t<\/div>\n\t\t\t\t\t<\/div>\n\t\t<\/div>\n\t\t\t\t\t<\/div>\n\t\t<\/section>\n\t\t\t\t<\/div>","protected":false},"excerpt":{"rendered":"<p>Hirox Europe privacy policy Hirox Europe is committed to ensuring that your privacy is protected. This privacy policy sets out how Hirox Europe uses and protects any information that we collect from you, or that you provide to us. Hirox Europe may change this policy from time to time by updating this page. You should &#8230; <a title=\"Datenschutz-Bestimmungen\" class=\"read-more\" href=\"https:\/\/hirox-europe.com\/de\/privacy-policy\/\" aria-label=\"Mehr Informationen \u00fcber Privacy Policy\">Weiterlesen<\/a><\/p>","protected":false},"author":5,"featured_media":0,"parent":0,"menu_order":0,"comment_status":"closed","ping_status":"closed","template":"elementor_header_footer","meta":{"footnotes":""},"class_list":["post-705","page","type-page","status-publish"],"yoast_head":"<!-- This site is optimized with the Yoast SEO plugin v27.3 - https:\/\/yoast.com\/product\/yoast-seo-wordpress\/ -->\n<title>Privacy Policy - Hirox Europe<\/title>\n<meta name=\"robots\" content=\"index, follow, max-snippet:-1, max-image-preview:large, max-video-preview:-1\" \/>\n<link rel=\"canonical\" href=\"https:\/\/hirox-europe.com\/de\/privacy-policy\/\" \/>\n<meta property=\"og:locale\" content=\"de_DE\" \/>\n<meta property=\"og:type\" content=\"article\" \/>\n<meta property=\"og:title\" content=\"Privacy Policy - Hirox Europe\" \/>\n<meta property=\"og:description\" content=\"Hirox Europe privacy policy Hirox Europe is committed to ensuring that your privacy is protected. This privacy policy sets out how Hirox Europe uses and protects any information that we collect from you, or that you provide to us. Hirox Europe may change this policy from time to time by updating this page. You should ... Weiterlesen\" \/>\n<meta property=\"og:url\" content=\"https:\/\/hirox-europe.com\/de\/privacy-policy\/\" \/>\n<meta property=\"og:site_name\" content=\"Hirox Europe\" \/>\n<meta property=\"article:publisher\" content=\"https:\/\/www.facebook.com\/hiroxeurope\/\" \/>\n<meta property=\"article:modified_time\" content=\"2020-01-14T13:26:03+00:00\" \/>\n<meta name=\"twitter:card\" content=\"summary_large_image\" \/>\n<meta name=\"twitter:site\" content=\"@hiroxeurope\" \/>\n<meta name=\"twitter:label1\" content=\"Gesch\u00e4tzte Lesezeit\" \/>\n\t<meta name=\"twitter:data1\" content=\"2\u00a0Minuten\" \/>\n<script type=\"application\/ld+json\" class=\"yoast-schema-graph\">{\"@context\":\"https:\\\/\\\/schema.org\",\"@graph\":[{\"@type\":\"WebPage\",\"@id\":\"https:\\\/\\\/hirox-europe.com\\\/privacy-policy\\\/\",\"url\":\"https:\\\/\\\/hirox-europe.com\\\/privacy-policy\\\/\",\"name\":\"Privacy Policy - Hirox Europe\",\"isPartOf\":{\"@id\":\"https:\\\/\\\/hirox-europe.com\\\/#website\"},\"datePublished\":\"2019-07-24T08:27:16+00:00\",\"dateModified\":\"2020-01-14T13:26:03+00:00\",\"breadcrumb\":{\"@id\":\"https:\\\/\\\/hirox-europe.com\\\/privacy-policy\\\/#breadcrumb\"},\"inLanguage\":\"de\",\"potentialAction\":[{\"@type\":\"ReadAction\",\"target\":[\"https:\\\/\\\/hirox-europe.com\\\/privacy-policy\\\/\"]}]},{\"@type\":\"BreadcrumbList\",\"@id\":\"https:\\\/\\\/hirox-europe.com\\\/privacy-policy\\\/#breadcrumb\",\"itemListElement\":[{\"@type\":\"ListItem\",\"position\":1,\"name\":\"Home\",\"item\":\"https:\\\/\\\/hirox-europe.com\\\/\"},{\"@type\":\"ListItem\",\"position\":2,\"name\":\"Privacy Policy\"}]},{\"@type\":\"WebSite\",\"@id\":\"https:\\\/\\\/hirox-europe.com\\\/#website\",\"url\":\"https:\\\/\\\/hirox-europe.com\\\/\",\"name\":\"Hirox Europe\",\"description\":\"3D Digital Microscope - Fast, Easy, High Quality\",\"publisher\":{\"@id\":\"https:\\\/\\\/hirox-europe.com\\\/#organization\"},\"potentialAction\":[{\"@type\":\"SearchAction\",\"target\":{\"@type\":\"EntryPoint\",\"urlTemplate\":\"https:\\\/\\\/hirox-europe.com\\\/?s={search_term_string}\"},\"query-input\":{\"@type\":\"PropertyValueSpecification\",\"valueRequired\":true,\"valueName\":\"search_term_string\"}}],\"inLanguage\":\"de\"},{\"@type\":\"Organization\",\"@id\":\"https:\\\/\\\/hirox-europe.com\\\/#organization\",\"name\":\"Hirox Europe\",\"url\":\"https:\\\/\\\/hirox-europe.com\\\/\",\"logo\":{\"@type\":\"ImageObject\",\"inLanguage\":\"de\",\"@id\":\"https:\\\/\\\/hirox-europe.com\\\/#\\\/schema\\\/logo\\\/image\\\/\",\"url\":\"https:\\\/\\\/hirox-europe.com\\\/wp-content\\\/uploads\\\/2020\\\/05\\\/hirox-europe-logo.png\",\"contentUrl\":\"https:\\\/\\\/hirox-europe.com\\\/wp-content\\\/uploads\\\/2020\\\/05\\\/hirox-europe-logo.png\",\"width\":512,\"height\":410,\"caption\":\"Hirox Europe\"},\"image\":{\"@id\":\"https:\\\/\\\/hirox-europe.com\\\/#\\\/schema\\\/logo\\\/image\\\/\"},\"sameAs\":[\"https:\\\/\\\/www.facebook.com\\\/hiroxeurope\\\/\",\"https:\\\/\\\/x.com\\\/hiroxeurope\",\"https:\\\/\\\/www.instagram.com\\\/hirox3d\\\/\",\"https:\\\/\\\/www.linkedin.com\\\/company\\\/hirox-europe\",\"https:\\\/\\\/www.youtube.com\\\/user\\\/hiroxEU\"]}]}<\/script>\n<!-- \/ Yoast SEO plugin. -->","yoast_head_json":{"title":"Privacy Policy - Hirox Europe","robots":{"index":"index","follow":"follow","max-snippet":"max-snippet:-1","max-image-preview":"max-image-preview:large","max-video-preview":"max-video-preview:-1"},"canonical":"https:\/\/hirox-europe.com\/de\/privacy-policy\/","og_locale":"de_DE","og_type":"article","og_title":"Privacy Policy - Hirox Europe","og_description":"Hirox Europe privacy policy Hirox Europe is committed to ensuring that your privacy is protected. This privacy policy sets out how Hirox Europe uses and protects any information that we collect from you, or that you provide to us. Hirox Europe may change this policy from time to time by updating this page. You should ... Weiterlesen","og_url":"https:\/\/hirox-europe.com\/de\/privacy-policy\/","og_site_name":"Hirox Europe","article_publisher":"https:\/\/www.facebook.com\/hiroxeurope\/","article_modified_time":"2020-01-14T13:26:03+00:00","twitter_card":"summary_large_image","twitter_site":"@hiroxeurope","twitter_misc":{"Gesch\u00e4tzte Lesezeit":"2\u00a0Minuten"},"schema":{"@context":"https:\/\/schema.org","@graph":[{"@type":"WebPage","@id":"https:\/\/hirox-europe.com\/privacy-policy\/","url":"https:\/\/hirox-europe.com\/privacy-policy\/","name":"Privacy Policy - Hirox Europe","isPartOf":{"@id":"https:\/\/hirox-europe.com\/#website"},"datePublished":"2019-07-24T08:27:16+00:00","dateModified":"2020-01-14T13:26:03+00:00","breadcrumb":{"@id":"https:\/\/hirox-europe.com\/privacy-policy\/#breadcrumb"},"inLanguage":"de","potentialAction":[{"@type":"ReadAction","target":["https:\/\/hirox-europe.com\/privacy-policy\/"]}]},{"@type":"BreadcrumbList","@id":"https:\/\/hirox-europe.com\/privacy-policy\/#breadcrumb","itemListElement":[{"@type":"ListItem","position":1,"name":"Home","item":"https:\/\/hirox-europe.com\/"},{"@type":"ListItem","position":2,"name":"Privacy Policy"}]},{"@type":"WebSite","@id":"https:\/\/hirox-europe.com\/#website","url":"https:\/\/hirox-europe.com\/","name":"Hirox Europe","description":"3D Digital Microscope - Fast, Easy, High Quality","publisher":{"@id":"https:\/\/hirox-europe.com\/#organization"},"potentialAction":[{"@type":"SearchAction","target":{"@type":"EntryPoint","urlTemplate":"https:\/\/hirox-europe.com\/?s={search_term_string}"},"query-input":{"@type":"PropertyValueSpecification","valueRequired":true,"valueName":"search_term_string"}}],"inLanguage":"de"},{"@type":"Organization","@id":"https:\/\/hirox-europe.com\/#organization","name":"Hirox Europe","url":"https:\/\/hirox-europe.com\/","logo":{"@type":"ImageObject","inLanguage":"de","@id":"https:\/\/hirox-europe.com\/#\/schema\/logo\/image\/","url":"https:\/\/hirox-europe.com\/wp-content\/uploads\/2020\/05\/hirox-europe-logo.png","contentUrl":"https:\/\/hirox-europe.com\/wp-content\/uploads\/2020\/05\/hirox-europe-logo.png","width":512,"height":410,"caption":"Hirox Europe"},"image":{"@id":"https:\/\/hirox-europe.com\/#\/schema\/logo\/image\/"},"sameAs":["https:\/\/www.facebook.com\/hiroxeurope\/","https:\/\/x.com\/hiroxeurope","https:\/\/www.instagram.com\/hirox3d\/","https:\/\/www.linkedin.com\/company\/hirox-europe","https:\/\/www.youtube.com\/user\/hiroxEU"]}]}},"_links":{"self":[{"href":"https:\/\/hirox-europe.com\/de\/wp-json\/wp\/v2\/pages\/705","targetHints":{"allow":["GET"]}}],"collection":[{"href":"https:\/\/hirox-europe.com\/de\/wp-json\/wp\/v2\/pages"}],"about":[{"href":"https:\/\/hirox-europe.com\/de\/wp-json\/wp\/v2\/types\/page"}],"author":[{"embeddable":true,"href":"https:\/\/hirox-europe.com\/de\/wp-json\/wp\/v2\/users\/5"}],"replies":[{"embeddable":true,"href":"https:\/\/hirox-europe.com\/de\/wp-json\/wp\/v2\/comments?post=705"}],"version-history":[{"count":10,"href":"https:\/\/hirox-europe.com\/de\/wp-json\/wp\/v2\/pages\/705\/revisions"}],"predecessor-version":[{"id":2967,"href":"https:\/\/hirox-europe.com\/de\/wp-json\/wp\/v2\/pages\/705\/revisions\/2967"}],"wp:attachment":[{"href":"https:\/\/hirox-europe.com\/de\/wp-json\/wp\/v2\/media?parent=705"}],"curies":[{"name":"wp","href":"https:\/\/api.w.org\/{rel}","templated":true}]}}